{"id":71453,"date":"2023-08-25T16:36:00","date_gmt":"2023-08-25T14:36:00","guid":{"rendered":"https:\/\/easyloc.lu\/a-propos\/"},"modified":"2024-07-10T15:48:00","modified_gmt":"2024-07-10T13:48:00","slug":"a-propos","status":"publish","type":"page","link":"https:\/\/easyloc.lu\/fr\/a-propos\/","title":{"rendered":"\u00c0 propos"},"content":{"rendered":"<p>[et_pb_section fb_built=\u00a0\u00bb1&Prime; custom_padding_last_edited=\u00a0\u00bbon|tablet\u00a0\u00bb _builder_version=\u00a0\u00bb4.21.0&Prime; _module_preset=\u00a0\u00bbdefault\u00a0\u00bb background_color=\u00a0\u00bbrgba(0,32,74,0.56)\u00a0\u00bb use_background_color_gradient=\u00a0\u00bbon\u00a0\u00bb background_color_gradient_stops=\u00a0\u00bb#00204a 0%|rgba(0,32,74,0.55) 100%\u00a0\u00bb background_color_gradient_overlays_image=\u00a0\u00bbon\u00a0\u00bb background_image=\u00a0\u00bbhttps:\/\/easyloc.lu\/wp-content\/uploads\/2023\/08\/Hero-Contact-Easyloc.jpg\u00a0\u00bb background_position=\u00a0\u00bbbottom_center\u00a0\u00bb background_enable_video_mp4=\u00a0\u00bboff\u00a0\u00bb custom_margin=\u00a0\u00bb0px||0px||false|false\u00a0\u00bb custom_padding=\u00a0\u00bb150px||150px||false|false\u00a0\u00bb custom_padding_tablet=\u00a0\u00bb120px||120px||false|false\u00a0\u00bb custom_padding_phone=\u00a0\u00bb90px||90px||false|false\u00a0\u00bb animation_style=\u00a0\u00bbfade\u00a0\u00bb animation_speed_curve=\u00a0\u00bbease\u00a0\u00bb global_colors_info=\u00a0\u00bb{}\u00a0\u00bb][et_pb_row module_class=\u00a0\u00bbd-agency-2-inl-btn-sc\u00a0\u00bb _builder_version=\u00a0\u00bb4.21.0&Prime; _module_preset=\u00a0\u00bbdefault\u00a0\u00bb width=\u00a0\u00bb90%\u00a0\u00bb max_width=\u00a0\u00bb1296px\u00a0\u00bb custom_margin=\u00a0\u00bb0px||0px||false|false\u00a0\u00bb custom_padding=\u00a0\u00bb0px||0px||false|false\u00a0\u00bb global_colors_info=\u00a0\u00bb{}\u00a0\u00bb][et_pb_column type=\u00a0\u00bb4_4&Prime; _builder_version=\u00a0\u00bb4.20.2&Prime; _module_preset=\u00a0\u00bbdefault\u00a0\u00bb global_colors_info=\u00a0\u00bb{}\u00a0\u00bb][et_pb_text _builder_version=\u00a0\u00bb4.21.0&Prime; _module_preset=\u00a0\u00bbdefault\u00a0\u00bb header_font=\u00a0\u00bbOpen Sans|700|||||||\u00a0\u00bb header_text_align=\u00a0\u00bbleft\u00a0\u00bb header_text_color=\u00a0\u00bb#FFFFFF\u00a0\u00bb header_font_size=\u00a0\u00bb76px\u00a0\u00bb header_line_height=\u00a0\u00bb1.15em\u00a0\u00bb max_width=\u00a0\u00bb1080px\u00a0\u00bb custom_margin=\u00a0\u00bb0px||11px||false|false\u00a0\u00bb custom_margin_tablet=\u00a0\u00bb0px||11px||false|false\u00a0\u00bb custom_margin_phone=\u00a0\u00bb0px||4px||false|false\u00a0\u00bb custom_margin_last_edited=\u00a0\u00bbon|phone\u00a0\u00bb custom_padding=\u00a0\u00bb0px||0px||false|false\u00a0\u00bb hover_enabled=\u00a0\u00bb0&Prime; header_font_size_tablet=\u00a0\u00bb72px\u00a0\u00bb header_font_size_phone=\u00a0\u00bb40px\u00a0\u00bb header_font_size_last_edited=\u00a0\u00bbon|tablet\u00a0\u00bb global_colors_info=\u00a0\u00bb{}\u00a0\u00bb sticky_enabled=\u00a0\u00bb0&Prime;]<\/p>\n<h1>\u00c0 propos<\/h1>\n<p>[\/et_pb_text][et_pb_text _builder_version=\u00a0\u00bb4.21.0&Prime; _module_preset=\u00a0\u00bbdefault\u00a0\u00bb text_font=\u00a0\u00bbPoppins||||||||\u00a0\u00bb text_text_color=\u00a0\u00bbrgba(255,255,255,0.85)\u00a0\u00bb text_font_size=\u00a0\u00bb17px\u00a0\u00bb text_line_height=\u00a0\u00bb1.5em\u00a0\u00bb max_width=\u00a0\u00bb538px\u00a0\u00bb custom_margin=\u00a0\u00bb0px||41px||false|false\u00a0\u00bb custom_margin_tablet=\u00a0\u00bb0px||41px||false|false\u00a0\u00bb custom_margin_phone=\u00a0\u00bb0px||31px||false|false\u00a0\u00bb custom_margin_last_edited=\u00a0\u00bbon|phone\u00a0\u00bb custom_padding=\u00a0\u00bb0px||0px||false|false\u00a0\u00bb hover_enabled=\u00a0\u00bb0&Prime; global_colors_info=\u00a0\u00bb{}\u00a0\u00bb sticky_enabled=\u00a0\u00bb0&Prime;]<\/p>\n<p>D\u00e9couvrez EasyLoc, votre partenaire de location de voitures au Luxembourg.<\/p>\n<p>[\/et_pb_text][et_pb_code admin_label=\u00a0\u00bbinline-button code\u00a0\u00bb _builder_version=\u00a0\u00bb4.20.2&Prime; _module_preset=\u00a0\u00bbdefault\u00a0\u00bb custom_margin=\u00a0\u00bb0px||0px||false|false\u00a0\u00bb custom_padding=\u00a0\u00bb0px||0px||false|false\u00a0\u00bb global_colors_info=\u00a0\u00bb{}\u00a0\u00bb]<\/p>\n<style><!-- [et_pb_line_break_holder] -->  .d-agency-2-inl-btn-sc<!-- [et_pb_line_break_holder] -->.et_pb_button_module_wrapper {<!-- [et_pb_line_break_holder] -->display: inline-block;<!-- [et_pb_line_break_holder] --><!-- [et_pb_line_break_holder] -->}<!-- [et_pb_line_break_holder] --><!-- [et_pb_line_break_holder] --><\/style>\n<p>[\/et_pb_code][\/et_pb_column][\/et_pb_row][\/et_pb_section][et_pb_section fb_built=\u00a0\u00bb1&Prime; _builder_version=\u00a0\u00bb4.21.0&Prime; _module_preset=\u00a0\u00bbdefault\u00a0\u00bb global_colors_info=\u00a0\u00bb{}\u00a0\u00bb][et_pb_row _builder_version=\u00a0\u00bb4.21.0&Prime; _module_preset=\u00a0\u00bbdefault\u00a0\u00bb global_colors_info=\u00a0\u00bb{}\u00a0\u00bb][et_pb_column type=\u00a0\u00bb4_4&Prime; _builder_version=\u00a0\u00bb4.21.0&Prime; _module_preset=\u00a0\u00bbdefault\u00a0\u00bb global_colors_info=\u00a0\u00bb{}\u00a0\u00bb][et_pb_text _builder_version=\u00a0\u00bb4.21.0&Prime; _module_preset=\u00a0\u00bbdefault\u00a0\u00bb text_font=\u00a0\u00bbOpen Sans|700|||||||\u00a0\u00bb text_text_color=\u00a0\u00bb#01204a\u00a0\u00bb text_font_size=\u00a0\u00bb45px\u00a0\u00bb global_colors_info=\u00a0\u00bb{}\u00a0\u00bb]<\/p>\n<p>EasyLoc<\/p>\n<p>[\/et_pb_text][\/et_pb_column][\/et_pb_row][et_pb_row column_structure=\u00a0\u00bb3_5,2_5&Prime; make_equal=\u00a0\u00bbon\u00a0\u00bb _builder_version=\u00a0\u00bb4.21.0&Prime; _module_preset=\u00a0\u00bbdefault\u00a0\u00bb global_colors_info=\u00a0\u00bb{}\u00a0\u00bb][et_pb_column type=\u00a0\u00bb3_5&Prime; _builder_version=\u00a0\u00bb4.21.0&Prime; _module_preset=\u00a0\u00bbdefault\u00a0\u00bb global_colors_info=\u00a0\u00bb{}\u00a0\u00bb][et_pb_text _builder_version=\u00a0\u00bb4.21.0&Prime; _module_preset=\u00a0\u00bbdefault\u00a0\u00bb text_font=\u00a0\u00bbPoppins||||||||\u00a0\u00bb text_font_size=\u00a0\u00bb16px\u00a0\u00bb hover_enabled=\u00a0\u00bb0&Prime; global_colors_info=\u00a0\u00bb{}\u00a0\u00bb sticky_enabled=\u00a0\u00bb0&Prime;]<\/p>\n<div class=\"flex-1 overflow-hidden\">\n<div class=\"react-scroll-to-bottom--css-uzkoh-79elbk h-full dark:bg-gray-800\">\n<div class=\"react-scroll-to-bottom--css-uzkoh-1n7m0yu\">\n<div class=\"flex flex-col text-sm dark:bg-gray-800\">\n<div class=\"group w-full text-token-text-primary border-b border-black\/10 gizmo:border-0 dark:border-gray-900\/50 gizmo:dark:border-0 bg-gray-50 gizmo:bg-transparent dark:bg-[#444654] gizmo:dark:bg-transparent\" data-testid=\"conversation-turn-11\">\n<div class=\"p-4 justify-center text-base md:gap-6 md:py-6 m-auto\">\n<div class=\"flex flex-1 gap-4 text-base mx-auto md:gap-6 gizmo:gap-3 gizmo:md:px-5 gizmo:lg:px-1 gizmo:xl:px-5 md:max-w-2xl lg:max-w-[38rem] gizmo:md:max-w-3xl gizmo:lg:max-w-[40rem] gizmo:xl:max-w-[48rem] xl:max-w-3xl }\">\n<div class=\"relative flex w-[calc(100%-50px)] flex-col gap-1 gizmo:w-full md:gap-3 lg:w-[calc(100%-115px)] agent-turn\">\n<div class=\"flex flex-grow flex-col gap-3 max-w-full\">\n<div class=\"min-h-[20px] flex flex-col items-start gap-3 overflow-x-auto whitespace-pre-wrap break-words\">\n<div class=\"markdown prose w-full break-words dark:prose-invert light\">\n<p style=\"text-align: justify;\">Chez EasyLoc, notre mission est de fournir des v\u00e9hicules de qualit\u00e9, un service performant et des tarifs comp\u00e9titifs. Nous croyons en la libert\u00e9 de mouvement, en offrant \u00e0 nos clients la possibilit\u00e9 de prendre la route en toute libert\u00e9, tout en b\u00e9n\u00e9ficiant de la tranquillit\u00e9 d\u2019esprit que procure une location avec EasyLoc.<br \/>Nous sommes fiers de notre engagement envers la satisfaction client, de notre flotte de v\u00e9hicules modernes et de notre service attentionn\u00e9.<\/p>\n<p style=\"text-align: justify;\">Faites confiance \u00e0 Easyloc pour rendre vos d\u00e9placements plus simples, plus agr\u00e9ables et plus accessibles que jamais.<\/p>\n<p style=\"text-align: justify;\">Bienvenue chez EasyLoc, votre partenaire de confiance pour la location de voitures au Luxembourg.<\/p>\n<\/div>\n<\/div>\n<\/div>\n<\/div>\n<\/div>\n<\/div>\n<\/div>\n<p>&nbsp;<\/p>\n<\/div>\n<\/div>\n<\/div>\n<\/div>\n<div class=\"absolute bottom-0 left-0 w-full border-t md:border-t-0 dark:border-white\/20 md:border-transparent md:dark:border-transparent md:bg-vert-light-gradient bg-white dark:bg-gray-800 md:!bg-transparent dark:md:bg-vert-dark-gradient pt-2 md:pl-2 md:w-[calc(100%-.5rem)]\">\n<form class=\"stretch mx-2 flex flex-row gap-3 last:mb-2 md:mx-4 md:last:mb-6 lg:mx-auto lg:max-w-2xl xl:max-w-3xl\">\n<div class=\"relative flex h-full flex-1 items-stretch md:flex-col\">\n<div>\n<div class=\"h-full flex ml-1 md:w-full md:m-auto md:mb-4 gap-0 md:gap-2 justify-center\"><\/div>\n<\/div>\n<\/div>\n<\/form>\n<\/div>\n<p>[\/et_pb_text][\/et_pb_column][et_pb_column type=\u00a0\u00bb2_5&Prime; _builder_version=\u00a0\u00bb4.21.0&Prime; _module_preset=\u00a0\u00bbdefault\u00a0\u00bb custom_css_main_element=\u00a0\u00bbmargin:auto \u00a0\u00bb global_colors_info=\u00a0\u00bb{}\u00a0\u00bb][et_pb_image src=\u00a0\u00bbhttps:\/\/easyloc.lu\/wp-content\/uploads\/2023\/08\/Easyloc-location-Corvette-C8-Cabriolet-1.jpg\u00a0\u00bb title_text=\u00a0\u00bbEasyloc location Corvette C8 Cabriolet 1&Prime; _builder_version=\u00a0\u00bb4.21.0&Prime; _module_preset=\u00a0\u00bbdefault\u00a0\u00bb border_radii=\u00a0\u00bbon|4px|4px|4px|4px\u00a0\u00bb global_colors_info=\u00a0\u00bb{}\u00a0\u00bb][\/et_pb_image][\/et_pb_column][\/et_pb_row][\/et_pb_section][et_pb_section fb_built=\u00a0\u00bb1&Prime; _builder_version=\u00a0\u00bb4.21.0&Prime; _module_preset=\u00a0\u00bbdefault\u00a0\u00bb global_colors_info=\u00a0\u00bb{}\u00a0\u00bb][et_pb_row _builder_version=\u00a0\u00bb4.21.0&Prime; _module_preset=\u00a0\u00bbdefault\u00a0\u00bb global_colors_info=\u00a0\u00bb{}\u00a0\u00bb][et_pb_column type=\u00a0\u00bb4_4&Prime; _builder_version=\u00a0\u00bb4.21.0&Prime; _module_preset=\u00a0\u00bbdefault\u00a0\u00bb global_colors_info=\u00a0\u00bb{}\u00a0\u00bb][et_pb_text _builder_version=\u00a0\u00bb4.21.0&Prime; _module_preset=\u00a0\u00bbdefault\u00a0\u00bb text_font=\u00a0\u00bbOpen Sans|700|||||||\u00a0\u00bb text_text_color=\u00a0\u00bb#01204a\u00a0\u00bb text_font_size=\u00a0\u00bb45px\u00a0\u00bb hover_enabled=\u00a0\u00bb0&Prime; global_colors_info=\u00a0\u00bb{}\u00a0\u00bb sticky_enabled=\u00a0\u00bb0&Prime;]<\/p>\n<p>Nos v\u00e9hicules<\/p>\n<p>[\/et_pb_text][\/et_pb_column][\/et_pb_row][et_pb_row _builder_version=\u00a0\u00bb4.21.0&Prime; _module_preset=\u00a0\u00bbdefault\u00a0\u00bb global_colors_info=\u00a0\u00bb{}\u00a0\u00bb][et_pb_column type=\u00a0\u00bb4_4&Prime; _builder_version=\u00a0\u00bb4.21.0&Prime; _module_preset=\u00a0\u00bbdefault\u00a0\u00bb global_colors_info=\u00a0\u00bb{}\u00a0\u00bb][et_pb_text _builder_version=\u00a0\u00bb4.21.0&Prime; _module_preset=\u00a0\u00bbdefault\u00a0\u00bb text_font=\u00a0\u00bbPoppins||||||||\u00a0\u00bb text_font_size=\u00a0\u00bb16px\u00a0\u00bb hover_enabled=\u00a0\u00bb0&Prime; global_colors_info=\u00a0\u00bb{}\u00a0\u00bb sticky_enabled=\u00a0\u00bb0&Prime;]<\/p>\n<p style=\"text-align: justify;\">Chez Easyloc, nous comprenons que chaque voyage est unique, c\u2019est pourquoi nous vous proposons une gamme vari\u00e9e de v\u00e9hicules pour r\u00e9pondre \u00e0 tous vos besoins. Que vous recherchiez une citadine agile pour une escapade en ville, un van spacieux pour un voyage en famille, une voiture sportive pour une dose d\u2019adr\u00e9naline ou une option respectueuse de l\u2019environnement avec nos v\u00e9hicules \u00e9lectriques, nous avons la solution parfaite pour vous. <br \/>Notre flotte est r\u00e9guli\u00e8rement entretenue et comprend des mod\u00e8les modernes \u00e9quip\u00e9s des derni\u00e8res technologies.<\/p>\n<p style=\"text-align: justify;\">Quelle que soit votre destination au Luxembourg, nos v\u00e9hicules fiables vous offrent le confort et la s\u00e9curit\u00e9 dont vous avez besoin pour profiter pleinement de votre voyage. D\u00e9couvrez notre gamme de v\u00e9hicules et trouvez celui qui vous convient le mieux.<\/p>\n<p>[\/et_pb_text][\/et_pb_column][\/et_pb_row][et_pb_row column_structure=\u00a0\u00bb1_4,1_4,1_4,1_4&Prime; _builder_version=\u00a0\u00bb4.21.0&Prime; _module_preset=\u00a0\u00bbdefault\u00a0\u00bb global_colors_info=\u00a0\u00bb{}\u00a0\u00bb][et_pb_column type=\u00a0\u00bb1_4&Prime; _builder_version=\u00a0\u00bb4.21.0&Prime; _module_preset=\u00a0\u00bbdefault\u00a0\u00bb global_colors_info=\u00a0\u00bb{}\u00a0\u00bb][et_pb_image src=\u00a0\u00bbhttps:\/\/easyloc.lu\/wp-content\/uploads\/2023\/09\/EasyLoc-Location-BMW-Serie-1.jpg\u00a0\u00bb title_text=\u00a0\u00bbEasyLoc Location BMW Serie 1&Prime; _builder_version=\u00a0\u00bb4.21.0&Prime; _module_preset=\u00a0\u00bbdefault\u00a0\u00bb width=\u00a0\u00bb110%\u00a0\u00bb global_colors_info=\u00a0\u00bb{}\u00a0\u00bb][\/et_pb_image][\/et_pb_column][et_pb_column type=\u00a0\u00bb1_4&Prime; _builder_version=\u00a0\u00bb4.21.0&Prime; _module_preset=\u00a0\u00bbdefault\u00a0\u00bb global_colors_info=\u00a0\u00bb{}\u00a0\u00bb][et_pb_image src=\u00a0\u00bbhttps:\/\/easyloc.lu\/wp-content\/uploads\/2023\/09\/EasyLoc-Location-Mercedes-EQA.jpg\u00a0\u00bb title_text=\u00a0\u00bbEasyLoc Location Mercedes EQA\u00a0\u00bb _builder_version=\u00a0\u00bb4.21.0&Prime; _module_preset=\u00a0\u00bbdefault\u00a0\u00bb width=\u00a0\u00bb120%\u00a0\u00bb global_colors_info=\u00a0\u00bb{}\u00a0\u00bb][\/et_pb_image][\/et_pb_column][et_pb_column type=\u00a0\u00bb1_4&Prime; _builder_version=\u00a0\u00bb4.21.0&Prime; _module_preset=\u00a0\u00bbdefault\u00a0\u00bb global_colors_info=\u00a0\u00bb{}\u00a0\u00bb][et_pb_image src=\u00a0\u00bbhttps:\/\/easyloc.lu\/wp-content\/uploads\/2023\/09\/EasyLoc-Location-Tesla-Model-3.jpg\u00a0\u00bb title_text=\u00a0\u00bbEasyLoc Location Tesla Model 3&Prime; _builder_version=\u00a0\u00bb4.21.0&Prime; _module_preset=\u00a0\u00bbdefault\u00a0\u00bb width=\u00a0\u00bb120%\u00a0\u00bb global_colors_info=\u00a0\u00bb{}\u00a0\u00bb][\/et_pb_image][\/et_pb_column][et_pb_column type=\u00a0\u00bb1_4&Prime; _builder_version=\u00a0\u00bb4.21.0&Prime; _module_preset=\u00a0\u00bbdefault\u00a0\u00bb global_colors_info=\u00a0\u00bb{}\u00a0\u00bb][et_pb_image src=\u00a0\u00bbhttps:\/\/easyloc.lu\/wp-content\/uploads\/2023\/09\/EasyLoc-Location-Renault-Clio.jpg\u00a0\u00bb title_text=\u00a0\u00bbEasyLoc Location Renault Clio\u00a0\u00bb _builder_version=\u00a0\u00bb4.21.0&Prime; _module_preset=\u00a0\u00bbdefault\u00a0\u00bb width=\u00a0\u00bb120%\u00a0\u00bb global_colors_info=\u00a0\u00bb{}\u00a0\u00bb][\/et_pb_image][\/et_pb_column][\/et_pb_row][et_pb_row _builder_version=\u00a0\u00bb4.21.0&Prime; _module_preset=\u00a0\u00bbdefault\u00a0\u00bb global_colors_info=\u00a0\u00bb{}\u00a0\u00bb][et_pb_column type=\u00a0\u00bb4_4&Prime; _builder_version=\u00a0\u00bb4.21.0&Prime; _module_preset=\u00a0\u00bbdefault\u00a0\u00bb global_colors_info=\u00a0\u00bb{}\u00a0\u00bb][et_pb_text _builder_version=\u00a0\u00bb4.21.0&Prime; _module_preset=\u00a0\u00bbdefault\u00a0\u00bb text_font=\u00a0\u00bbPoppins||||||||\u00a0\u00bb text_font_size=\u00a0\u00bb20px\u00a0\u00bb text_orientation=\u00a0\u00bbcenter\u00a0\u00bb hover_enabled=\u00a0\u00bb0&Prime; global_colors_info=\u00a0\u00bb{}\u00a0\u00bb sticky_enabled=\u00a0\u00bb0&Prime;]<\/p>\n<p>Citadine, Compacte, Sportive, Van, ou \u00c9lectrique, \u00e0 vous de choisir !<\/p>\n<p>[\/et_pb_text][dsm_button button_one_text=\u00a0\u00bbLocation\u00a0\u00bb button_one_url=\u00a0\u00bb@ET-DC@eyJkeW5hbWljIjp0cnVlLCJjb250ZW50IjoicG9zdF9saW5rX3VybF9wYWdlIiwic2V0dGluZ3MiOnsicG9zdF9pZCI6IjEwOCJ9fQ==@\u00a0\u00bb button_alignment=\u00a0\u00bbcenter\u00a0\u00bb _builder_version=\u00a0\u00bb4.21.0&Prime; _dynamic_attributes=\u00a0\u00bbbutton_one_url\u00a0\u00bb _module_preset=\u00a0\u00bbdefault\u00a0\u00bb custom_button_one=\u00a0\u00bbon\u00a0\u00bb button_one_text_size=\u00a0\u00bb18px\u00a0\u00bb button_one_text_color=\u00a0\u00bb#ffffff\u00a0\u00bb button_one_bg_color=\u00a0\u00bb#01204a\u00a0\u00bb button_one_border_width=\u00a0\u00bb4px\u00a0\u00bb button_one_border_color=\u00a0\u00bb#007bc4&Prime; button_one_border_radius=\u00a0\u00bb15px\u00a0\u00bb button_one_font=\u00a0\u00bbOpen Sans|600|||||||\u00a0\u00bb button_one_icon=\u00a0\u00bb&#xf1b9;||fa||900&Prime; button_one_custom_padding=\u00a0\u00bb10px|35px|10px|35px|true|true\u00a0\u00bb hover_enabled=\u00a0\u00bb0&Prime; global_colors_info=\u00a0\u00bb{}\u00a0\u00bb sticky_enabled=\u00a0\u00bb0&Prime;][\/dsm_button][\/et_pb_column][\/et_pb_row][\/et_pb_section][et_pb_section fb_built=\u00a0\u00bb1&Prime; _builder_version=\u00a0\u00bb4.21.0&Prime; _module_preset=\u00a0\u00bbdefault\u00a0\u00bb global_colors_info=\u00a0\u00bb{}\u00a0\u00bb][et_pb_row _builder_version=\u00a0\u00bb4.21.0&Prime; _module_preset=\u00a0\u00bbdefault\u00a0\u00bb global_colors_info=\u00a0\u00bb{}\u00a0\u00bb][et_pb_column type=\u00a0\u00bb4_4&Prime; _builder_version=\u00a0\u00bb4.21.0&Prime; _module_preset=\u00a0\u00bbdefault\u00a0\u00bb global_colors_info=\u00a0\u00bb{}\u00a0\u00bb][et_pb_text _builder_version=\u00a0\u00bb4.21.0&Prime; _module_preset=\u00a0\u00bbdefault\u00a0\u00bb text_font=\u00a0\u00bbOpen Sans|700|||||||\u00a0\u00bb text_text_color=\u00a0\u00bb#01204a\u00a0\u00bb text_font_size=\u00a0\u00bb45px\u00a0\u00bb hover_enabled=\u00a0\u00bb0&Prime; global_colors_info=\u00a0\u00bb{}\u00a0\u00bb sticky_enabled=\u00a0\u00bb0&Prime;]<\/p>\n<p>Notre service<\/p>\n<p>[\/et_pb_text][\/et_pb_column][\/et_pb_row][et_pb_row _builder_version=\u00a0\u00bb4.21.0&Prime; _module_preset=\u00a0\u00bbdefault\u00a0\u00bb global_colors_info=\u00a0\u00bb{}\u00a0\u00bb][et_pb_column type=\u00a0\u00bb4_4&Prime; _builder_version=\u00a0\u00bb4.21.0&Prime; _module_preset=\u00a0\u00bbdefault\u00a0\u00bb global_colors_info=\u00a0\u00bb{}\u00a0\u00bb][et_pb_text _builder_version=\u00a0\u00bb4.21.0&Prime; _module_preset=\u00a0\u00bbdefault\u00a0\u00bb text_font=\u00a0\u00bbPoppins||||||||\u00a0\u00bb text_font_size=\u00a0\u00bb16px\u00a0\u00bb hover_enabled=\u00a0\u00bb0&Prime; global_colors_info=\u00a0\u00bb{}\u00a0\u00bb sticky_enabled=\u00a0\u00bb0&Prime;]<\/p>\n<p style=\"text-align: justify;\">Chez EasyLoc, notre engagement envers nos clients va bien au-del\u00e0 de la simple location de voiture. Nous sommes fiers de vous offrir un service exceptionnel \u00e0 chaque \u00e9tape de votre voyage. D\u00e8s votre premi\u00e8re interaction avec nous, vous serez accueilli par notre \u00e9quipe chaleureuse et professionnelle, pr\u00eate \u00e0 r\u00e9pondre \u00e0 toutes vos questions et \u00e0 vous guider dans le choix du v\u00e9hicule id\u00e9al pour votre voyage.  <\/p>\n<p style=\"text-align: justify;\">Nous nous engageons \u00e0 simplifier votre exp\u00e9rience de location, en vous proposant des tarifs transparents, des options de location flexibles et des conditions claires. Notre flotte de v\u00e9hicules est rigoureusement entretenue pour assurer votre s\u00e9curit\u00e9 et votre confort tout au long de votre trajet.<br \/>De plus, nous comprenons que les impr\u00e9vus peuvent survenir, c\u2019est pourquoi nous sommes toujours l\u00e0 pour vous aider, que ce soit pour des conseils sur votre itin\u00e9raire ou une assistance en cas de besoin.<\/p>\n<p style=\"text-align: justify;\">Avec EasyLoc, vous b\u00e9n\u00e9ficiez d\u2019un service de location de voiture fiable et de qualit\u00e9, con\u00e7u pour rendre vos d\u00e9placements simples et sans tracas. Faites confiance \u00e0 EasyLoc pour une exp\u00e9rience de location inoubliable au Luxembourg.<\/p>\n<p>[\/et_pb_text][\/et_pb_column][\/et_pb_row][\/et_pb_section]<\/p>\n","protected":false},"excerpt":{"rendered":"<p>\u00c0 proposD\u00e9couvrez EasyLoc, votre partenaire de location de voitures au Luxembourg.EasyLoc Chez EasyLoc, notre mission est de fournir des v\u00e9hicules de qualit\u00e9, un service performant et des tarifs comp\u00e9titifs. Nous croyons en la libert\u00e9 de mouvement, en offrant \u00e0 nos clients la possibilit\u00e9 de prendre la route en toute libert\u00e9, tout en b\u00e9n\u00e9ficiant de la tranquillit\u00e9 d\u2019esprit que procure une location avec EasyLoc.Nous sommes fiers de notre engagement envers la satisfaction client, de notre flotte de v\u00e9hicules modernes et de notre service attentionn\u00e9. Faites confiance \u00e0 Easyloc pour rendre vos d\u00e9placements plus simples, plus agr\u00e9ables et plus accessibles que jamais. Bienvenue chez EasyLoc, votre partenaire de confiance pour la location de voitures au Luxembourg. &nbsp; Nos v\u00e9hiculesChez Easyloc, nous comprenons que chaque voyage est unique, c\u2019est pourquoi nous vous proposons une gamme vari\u00e9e de v\u00e9hicules pour r\u00e9pondre \u00e0 tous vos besoins. Que vous recherchiez une citadine agile pour une escapade en ville, un van spacieux pour un voyage en famille, une voiture sportive pour une dose d\u2019adr\u00e9naline ou une option respectueuse de l\u2019environnement avec nos v\u00e9hicules \u00e9lectriques, nous avons la solution parfaite pour vous. Notre flotte est r\u00e9guli\u00e8rement entretenue et comprend des mod\u00e8les modernes \u00e9quip\u00e9s des derni\u00e8res technologies. Quelle que [&hellip;]<\/p>\n","protected":false},"author":4,"featured_media":0,"parent":0,"menu_order":0,"comment_status":"closed","ping_status":"closed","template":"","meta":{"_et_pb_use_builder":"on","_et_pb_old_content":"","_et_gb_content_width":"","footnotes":""},"class_list":["post-71453","page","type-page","status-publish","hentry"],"_links":{"self":[{"href":"https:\/\/easyloc.lu\/fr\/wp-json\/wp\/v2\/pages\/71453","targetHints":{"allow":["GET"]}}],"collection":[{"href":"https:\/\/easyloc.lu\/fr\/wp-json\/wp\/v2\/pages"}],"about":[{"href":"https:\/\/easyloc.lu\/fr\/wp-json\/wp\/v2\/types\/page"}],"author":[{"embeddable":true,"href":"https:\/\/easyloc.lu\/fr\/wp-json\/wp\/v2\/users\/4"}],"replies":[{"embeddable":true,"href":"https:\/\/easyloc.lu\/fr\/wp-json\/wp\/v2\/comments?post=71453"}],"version-history":[{"count":0,"href":"https:\/\/easyloc.lu\/fr\/wp-json\/wp\/v2\/pages\/71453\/revisions"}],"wp:attachment":[{"href":"https:\/\/easyloc.lu\/fr\/wp-json\/wp\/v2\/media?parent=71453"}],"curies":[{"name":"wp","href":"https:\/\/api.w.org\/{rel}","templated":true}]}}